{"id":28640,"date":"2017-02-16T09:16:27","date_gmt":"2017-02-16T08:16:27","guid":{"rendered":"http:\/\/mxajfmgl.preview.infomaniak.website\/?page_id=38"},"modified":"2019-03-08T12:07:05","modified_gmt":"2019-03-08T11:07:05","slug":"services","status":"publish","type":"page","link":"https:\/\/helenedubuis.ch\/de\/","title":{"rendered":"HOME"},"content":{"rendered":"<p>[et_pb_section bb_built=&#8220;1&#8243; custom_padding=&#8220;0px|0px|0px|0px&#8220; fullwidth=&#8220;on&#8220; _builder_version=&#8220;3.0.69&#8243;][et_pb_fullwidth_slider remove_inner_shadow=&#8220;on&#8220; _builder_version=&#8220;3.0.69&#8243; show_arrows=&#8220;on&#8220; show_pagination=&#8220;on&#8220; parallax=&#8220;off&#8220; parallax_method=&#8220;off&#8220; custom_button=&#8220;off&#8220; button_letter_spacing=&#8220;0&#8243; button_icon_placement=&#8220;right&#8220; button_letter_spacing_hover=&#8220;0&#8243; auto=&#8220;off&#8220; auto_ignore_hover=&#8220;off&#8220; hide_content_on_mobile=&#8220;off&#8220; hide_cta_on_mobile=&#8220;off&#8220; show_image_video_mobile=&#8220;off&#8220; body_line_height=&#8220;1em&#8220; top_padding=&#8220;130px&#8220; bottom_padding=&#8220;130px&#8220; custom_padding=&#8220;130px&#8220; show_inner_shadow=&#8220;on&#8220; show_content_on_mobile=&#8220;on&#8220; show_cta_on_mobile=&#8220;on&#8220;]<\/p>\n<p>[et_pb_slide background_image=&#8220;https:\/\/helenedubuis.ch\/wp-content\/uploads\/2017\/02\/H\u00e9l\u00e8neDubuis-01.jpg&#8220; background_position=&#8220;center&#8220; background_size=&#8220;cover&#8220; background_color=&#8220;#000000&#8243; use_bg_overlay=&#8220;on&#8220; bg_overlay_color=&#8220;rgba(0,0,0,0.5)&#8220; use_text_overlay=&#8220;off&#8220; _builder_version=&#8220;3.0.47&#8243; header_font=&#8220;||||&#8220; header_font_size=&#8220;85&#8243; header_font_size_tablet=&#8220;80px&#8220; header_font_size_phone=&#8220;50px&#8220; header_font_size_last_edited=&#8220;on|desktop&#8220; body_font=&#8220;||||&#8220; body_font_size_last_edited=&#8220;on|desktop&#8220; body_line_height=&#8220;1.5em&#8220; custom_button=&#8220;on&#8220; button_text_color=&#8220;#ffffff&#8220; button_border_color=&#8220;#ffffff&#8220; button_font=&#8220;||||&#8220; button_use_icon=&#8220;off&#8220; button_text_color_hover=&#8220;#666666&#8243; button_bg_color_hover=&#8220;#ffffff&#8220; button_text_size_tablet=&#8220;16&#8243; button_text_size_phone=&#8220;16&#8243; use_background_color_gradient=&#8220;off&#8220; background_color_gradient_start=&#8220;#2b87da&#8220; background_color_gradient_end=&#8220;#29c4a9&#8243; background_color_gradient_type=&#8220;linear&#8220; background_color_gradient_direction=&#8220;180deg&#8220; background_color_gradient_direction_radial=&#8220;center&#8220; background_color_gradient_start_position=&#8220;0%&#8220; background_color_gradient_end_position=&#8220;100%&#8220; parallax=&#8220;off&#8220; parallax_method=&#8220;off&#8220; background_repeat=&#8220;no-repeat&#8220; background_blend=&#8220;normal&#8220; allow_player_pause=&#8220;off&#8220; text_border_radius=&#8220;3&#8243; alignment=&#8220;center&#8220; background_layout=&#8220;dark&#8220; header_font_select=&#8220;default&#8220; body_font_select=&#8220;default&#8220; body_line_height_tablet=&#8220;1.5em&#8220; body_line_height_phone=&#8220;1.5em&#8220; button_font_select=&#8220;default&#8220; button_icon_placement=&#8220;right&#8220; button_on_hover=&#8220;on&#8220;]<\/p>\n<p><img loading=\"lazy\" decoding=\"async\" class=\"aligncenter wp-image-29209\" src=\"https:\/\/helenedubuis.ch\/wp-content\/uploads\/2017\/09\/HD_logo_blanc_DE-300x222.png\" alt=\"\" width=\"390\" height=\"289\" srcset=\"https:\/\/helenedubuis.ch\/wp-content\/uploads\/2017\/09\/HD_logo_blanc_DE-300x222.png 300w, https:\/\/helenedubuis.ch\/wp-content\/uploads\/2017\/09\/HD_logo_blanc_DE-768x569.png 768w, https:\/\/helenedubuis.ch\/wp-content\/uploads\/2017\/09\/HD_logo_blanc_DE.png 995w\" sizes=\"auto, (max-width: 390px) 100vw, 390px\" \/><\/p>\n<p>[\/et_pb_slide]<\/p>\n<p>[\/et_pb_fullwidth_slider][\/et_pb_section][et_pb_section bb_built=&#8220;1&#8243; admin_label=&#8220;presentation&#8220; custom_padding=&#8220;0px|0px|0px|0px&#8220; module_id=&#8220;presentation&#8220; custom_padding_last_edited=&#8220;on|desktop&#8220; _builder_version=&#8220;3.0.69&#8243;][et_pb_row custom_padding=&#8220;50px|180px|100px|180px&#8220; custom_padding_tablet=&#8220;100px|100px|100px|100px&#8220; custom_padding_phone=&#8220;0px|20px|0px|20px&#8220; custom_padding_last_edited=&#8220;on|desktop&#8220; _builder_version=&#8220;3.0.69&#8243; background_size=&#8220;initial&#8220; background_position=&#8220;top_left&#8220; background_repeat=&#8220;repeat&#8220; background_position_1=&#8220;top_left&#8220; background_repeat_1=&#8220;no-repeat&#8220;][et_pb_column type=&#8220;4_4&#8243;][et_pb_text text_orientation=&#8220;center&#8220; _builder_version=&#8220;3.0.69&#8243; background_size=&#8220;initial&#8220; background_position=&#8220;top_left&#8220; background_repeat=&#8220;repeat&#8220; custom_margin=&#8220;50px|||&#8220; background_layout=&#8220;light&#8220; border_style=&#8220;solid&#8220; text_font_size=&#8220;15&#8243; custom_padding=&#8220;0px|||&#8220; header_letter_spacing=&#8220;10px&#8220; module_alignment=&#8220;center&#8220;]<\/p>\n<h1 style=\"text-align: center;\">PR\u00c4SENTATION<\/h1>\n<p>Als Textilkonservatorin\/-restauratorin \u00fcbe ich seit 2014 eine freiberufliche T\u00e4tigkeit f\u00fcr Institutionen und Private aus.<\/p>\n<p style=\"text-align: center;\">Die pr\u00e4ventive <strong>Konservierung<\/strong> tr\u00e4gt der Aufbewahrung der textilen Kulturg\u00fcter bei, ohne direkten Eingriff sondern durch das Hemmen \u00e4usserer sch\u00e4digender Faktoren.<\/p>\n<p style=\"text-align: center;\">Mit der <strong>Restaurierung<\/strong> wird der Zustand eines Objektes durch direkte Eingriffe stabilisiert. Dies erfolgt unter Wahrung der Integrit\u00e4t eines Kulturgutes und der eingetretenen Ver\u00e4nderungen, die seine Geschichte ausmachen. Sie umfasst eine technische und materielle Untersuchung sowie eine pr\u00e4zise Dokumentation der Verarbeitung.<\/p>\n<p>[\/et_pb_text][\/et_pb_column][\/et_pb_row][\/et_pb_section][et_pb_section bb_built=&#8220;1&#8243; admin_label=&#8220;prestations&#8220; custom_padding=&#8220;0px|0px|0px|0px&#8220; _builder_version=&#8220;3.0.69&#8243; background_color=&#8220;#fff8e8&#8243; module_id=&#8220;prestations&#8220;][et_pb_row admin_label=&#8220;row&#8220; make_fullwidth=&#8220;on&#8220; use_custom_gutter=&#8220;on&#8220; gutter_width=&#8220;1&#8243; custom_padding=&#8220;0px|0px|0px|0px&#8220; _builder_version=&#8220;3.0.69&#8243; background_size=&#8220;initial&#8220; background_position=&#8220;top_left&#8220; background_repeat=&#8220;repeat&#8220;][et_pb_column type=&#8220;1_2&#8243;][et_pb_image src=&#8220;https:\/\/helenedubuis.ch\/wp-content\/uploads\/2017\/02\/HeleneDubuis14.jpg&#8220; force_fullwidth=&#8220;off&#8220; _builder_version=&#8220;3.0.69&#8243; show_in_lightbox=&#8220;off&#8220; url_new_window=&#8220;off&#8220; use_overlay=&#8220;off&#8220; sticky=&#8220;on&#8220; align=&#8220;right&#8220; always_center_on_mobile=&#8220;on&#8220; border_style=&#8220;solid&#8220; \/][\/et_pb_column][et_pb_column type=&#8220;1_2&#8243;][et_pb_text _builder_version=&#8220;3.0.77&#8243; background_size=&#8220;initial&#8220; background_position=&#8220;top_left&#8220; background_repeat=&#8220;repeat&#8220; custom_margin=&#8220;|||&#8220; custom_padding=&#8220;5%|10%|2%|5%&#8220; custom_padding_tablet=&#8220;30px|60px|20px|60px&#8220; custom_padding_phone=&#8220;20px|50px|30px|50px&#8220; custom_padding_last_edited=&#8220;on|desktop&#8220; background_layout=&#8220;light&#8220; text_orientation=&#8220;left&#8220; border_style=&#8220;solid&#8220; text_font_size=&#8220;15&#8243; header_line_height=&#8220;1.7em&#8220; header_letter_spacing=&#8220;2px&#8220; module_alignment=&#8220;left&#8220;]<\/p>\n<h1>DIENSTLEISTUNGEN<\/h1>\n<p>Mein Angebot umfasst allerlei Textilien aus verschiedenen Epochen und unterschiedlichen Ursprungs: Kost\u00fcme, Fahnen, arch\u00e4ologische Funde, ethnographische Stoffe, Innenausstattung (Tapisserien, Wandbeh\u00e4nge\/-bespannung), Accessoires.<\/p>\n<p>[\/et_pb_text][\/et_pb_column][\/et_pb_row][et_pb_row admin_label=&#8220;row&#8220; make_fullwidth=&#8220;on&#8220; use_custom_gutter=&#8220;on&#8220; gutter_width=&#8220;1&#8243; custom_padding=&#8220;0px|0px|0px|0px&#8220; _builder_version=&#8220;3.0.69&#8243; background_size=&#8220;initial&#8220; background_position=&#8220;top_left&#8220; background_repeat=&#8220;repeat&#8220;][et_pb_column type=&#8220;1_2&#8243;][et_pb_text _builder_version=&#8220;3.0.69&#8243; background_size=&#8220;initial&#8220; background_position=&#8220;top_left&#8220; background_repeat=&#8220;repeat&#8220; custom_padding=&#8220;5%|5%|2%|10%&#8220; custom_padding_tablet=&#8220;0px|50px|20px|50px&#8220; custom_padding_phone=&#8220;20px|30px|20px|30px&#8220; custom_padding_last_edited=&#8220;on|desktop&#8220; background_layout=&#8220;light&#8220; text_orientation=&#8220;left&#8220; border_style=&#8220;solid&#8220; text_font_size=&#8220;15&#8243; header_line_height=&#8220;1.7em&#8220; module_alignment=&#8220;left&#8220;]<\/p>\n<p style=\"text-align: right;\">Sie beinhaltet folgende Leistungen:<\/p>\n<p style=\"text-align: right;\">\u2022 Textiltechnologische und materielle Untersuchungen und Analysen<br \/>\n\u2022 Zustandsbestimmung<br \/>\n\u2022 Ausarbeitung von Restaurierungskonzepten in \u00dcbereinstimmung mit der Verwendung des Objektes und den Erwartungen des Auftraggebers<br \/>\n\u2022 Konservierung und Restaurierung<br \/>\n\u2022 Schriftliche und bildliche Dokumentation der Restaurierungsarbeiten<br \/>\n\u2022 Anfertigung von Ausstellungsmontagen und Aufstellen der Objekte<br \/>\n\u2022 Aufbereitung, Aufbewahrung und Lagerung<br \/>\n\u2022 Beratung, Langzeitbegleitung von Sammlungen<\/p>\n<p>[\/et_pb_text][\/et_pb_column][et_pb_column type=&#8220;1_2&#8243;][et_pb_image src=&#8220;https:\/\/helenedubuis.ch\/wp-content\/uploads\/2017\/02\/HeleneDubuis02.jpg&#8220; animation=&#8220;right&#8220; align=&#8220;center&#8220; force_fullwidth=&#8220;on&#8220; _builder_version=&#8220;3.0.69&#8243; show_in_lightbox=&#8220;off&#8220; url_new_window=&#8220;off&#8220; use_overlay=&#8220;off&#8220; sticky=&#8220;off&#8220; always_center_on_mobile=&#8220;on&#8220; border_style=&#8220;solid&#8220; animation_direction=&#8220;right&#8220; \/][\/et_pb_column][\/et_pb_row][et_pb_row admin_label=&#8220;row&#8220; make_fullwidth=&#8220;on&#8220; use_custom_gutter=&#8220;on&#8220; gutter_width=&#8220;1&#8243; custom_padding=&#8220;0px|0px|0px|0px&#8220; custom_margin=&#8220;|||&#8220; padding_top_1=&#8220;0px &#8220; padding_right_1=&#8220; &#8220; padding_bottom_1=&#8220; 0px &#8220; padding_top_2=&#8220; &#8220; padding_right_2=&#8220; &#8220; padding_bottom_2=&#8220; &#8220; padding_2_last_edited=&#8220;on|desktop&#8220; _builder_version=&#8220;3.0.47&#8243; background_size=&#8220;initial&#8220; background_position=&#8220;top_left&#8220; background_repeat=&#8220;repeat&#8220;][et_pb_column type=&#8220;1_2&#8243;][et_pb_image src=&#8220;https:\/\/helenedubuis.ch\/wp-content\/uploads\/2017\/02\/HeleneDubuis04.jpg&#8220; force_fullwidth=&#8220;on&#8220; _builder_version=&#8220;3.0.69&#8243; show_in_lightbox=&#8220;off&#8220; url_new_window=&#8220;off&#8220; use_overlay=&#8220;off&#8220; sticky=&#8220;off&#8220; align=&#8220;left&#8220; always_center_on_mobile=&#8220;on&#8220; border_style=&#8220;solid&#8220; \/][\/et_pb_column][et_pb_column type=&#8220;1_2&#8243;][et_pb_text _builder_version=&#8220;3.0.77&#8243; background_size=&#8220;initial&#8220; background_position=&#8220;top_left&#8220; background_repeat=&#8220;repeat&#8220; custom_margin=&#8220;|||&#8220; custom_padding=&#8220;5%|10%|2%|5%&#8220; custom_padding_tablet=&#8220;50px|50px|20px|50px&#8220; custom_padding_phone=&#8220;20px|30px|20px|30px&#8220; custom_padding_last_edited=&#8220;on|desktop&#8220; background_layout=&#8220;light&#8220; border_style=&#8220;solid&#8220; text_font_size=&#8220;15&#8243; module_alignment=&#8220;left&#8220;]<\/p>\n<p>Als Mitglied des Schweizerischen Verbandes f\u00fcr Konservierung und Restaurierung (SKR) orientiert sich meine Arbeit an der Berufsethik der Textilrestauratoren.<br \/>\nJe nach Bedarf arbeite ich mit Fachkollegen aus demselben oder einem anderen Restaurierungsbereich zusammen.<\/p>\n<p>Die Kostenvoranschl\u00e4ge k\u00f6nnen auf Franz\u00f6sisch, Deutsch oder Englisch verfasst werden.<\/p>\n<p>[\/et_pb_text][\/et_pb_column][\/et_pb_row][\/et_pb_section]<\/p>","protected":false},"excerpt":{"rendered":"<p>[et_pb_section bb_built=&#8220;1&#8243; custom_padding=&#8220;0px|0px|0px|0px&#8220; fullwidth=&#8220;on&#8220; _builder_version=&#8220;3.0.69&#8243;][et_pb_fullwidth_slider remove_inner_shadow=&#8220;on&#8220; _builder_version=&#8220;3.0.69&#8243; show_arrows=&#8220;on&#8220; show_pagination=&#8220;on&#8220; parallax=&#8220;off&#8220; parallax_method=&#8220;off&#8220; custom_button=&#8220;off&#8220; button_letter_spacing=&#8220;0&#8243; button_icon_placement=&#8220;right&#8220; button_letter_spacing_hover=&#8220;0&#8243; auto=&#8220;off&#8220; auto_ignore_hover=&#8220;off&#8220; hide_content_on_mobile=&#8220;off&#8220; hide_cta_on_mobile=&#8220;off&#8220; show_image_video_mobile=&#8220;off&#8220; body_line_height=&#8220;1em&#8220; top_padding=&#8220;130px&#8220; bottom_padding=&#8220;130px&#8220; custom_padding=&#8220;130px&#8220; show_inner_shadow=&#8220;on&#8220; show_content_on_mobile=&#8220;on&#8220; show_cta_on_mobile=&#8220;on&#8220;] [et_pb_slide background_image=&#8220;https:\/\/helenedubuis.ch\/wp-content\/uploads\/2017\/02\/H\u00e9l\u00e8neDubuis-01.jpg&#8220; background_position=&#8220;center&#8220; background_size=&#8220;cover&#8220; background_color=&#8220;#000000&#8243; use_bg_overlay=&#8220;on&#8220; bg_overlay_color=&#8220;rgba(0,0,0,0.5)&#8220; use_text_overlay=&#8220;off&#8220; _builder_version=&#8220;3.0.47&#8243; header_font=&#8220;||||&#8220; header_font_size=&#8220;85&#8243; header_font_size_tablet=&#8220;80px&#8220; header_font_size_phone=&#8220;50px&#8220; header_font_size_last_edited=&#8220;on|desktop&#8220; body_font=&#8220;||||&#8220; body_font_size_last_edited=&#8220;on|desktop&#8220; body_line_height=&#8220;1.5em&#8220; custom_button=&#8220;on&#8220; button_text_color=&#8220;#ffffff&#8220; button_border_color=&#8220;#ffffff&#8220; button_font=&#8220;||||&#8220; button_use_icon=&#8220;off&#8220; button_text_color_hover=&#8220;#666666&#8243; button_bg_color_hover=&#8220;#ffffff&#8220; button_text_size_tablet=&#8220;16&#8243; button_text_size_phone=&#8220;16&#8243; use_background_color_gradient=&#8220;off&#8220; background_color_gradient_start=&#8220;#2b87da&#8220; [&hellip;]<\/p>\n","protected":false},"author":1,"featured_media":0,"parent":0,"menu_order":0,"comment_status":"closed","ping_status":"closed","template":"","meta":{"footnotes":""},"class_list":["post-28640","page","type-page","status-publish","hentry"],"_links":{"self":[{"href":"https:\/\/helenedubuis.ch\/de\/wp-json\/wp\/v2\/pages\/28640","targetHints":{"allow":["GET"]}}],"collection":[{"href":"https:\/\/helenedubuis.ch\/de\/wp-json\/wp\/v2\/pages"}],"about":[{"href":"https:\/\/helenedubuis.ch\/de\/wp-json\/wp\/v2\/types\/page"}],"author":[{"embeddable":true,"href":"https:\/\/helenedubuis.ch\/de\/wp-json\/wp\/v2\/users\/1"}],"replies":[{"embeddable":true,"href":"https:\/\/helenedubuis.ch\/de\/wp-json\/wp\/v2\/comments?post=28640"}],"version-history":[{"count":107,"href":"https:\/\/helenedubuis.ch\/de\/wp-json\/wp\/v2\/pages\/28640\/revisions"}],"predecessor-version":[{"id":29235,"href":"https:\/\/helenedubuis.ch\/de\/wp-json\/wp\/v2\/pages\/28640\/revisions\/29235"}],"wp:attachment":[{"href":"https:\/\/helenedubuis.ch\/de\/wp-json\/wp\/v2\/media?parent=28640"}],"curies":[{"name":"wp","href":"https:\/\/api.w.org\/{rel}","templated":true}]}}