{"id":29033,"date":"2017-09-15T17:17:02","date_gmt":"2017-09-15T15:17:02","guid":{"rendered":"https:\/\/helenedubuis.ch\/?page_id=29033"},"modified":"2022-03-16T18:20:13","modified_gmt":"2022-03-16T17:20:13","slug":"references","status":"publish","type":"page","link":"https:\/\/helenedubuis.ch\/de\/references\/","title":{"rendered":"REFERENZEN"},"content":{"rendered":"<p>[et_pb_section bb_built=&#8220;1&#8243; custom_padding=&#8220;0px|0px|0px|0px&#8220; fullwidth=&#8220;on&#8220; _builder_version=&#8220;3.0.69&#8243;][et_pb_fullwidth_slider remove_inner_shadow=&#8220;on&#8220; _builder_version=&#8220;3.0.69&#8243; show_arrows=&#8220;on&#8220; show_pagination=&#8220;on&#8220; parallax=&#8220;off&#8220; parallax_method=&#8220;off&#8220; custom_button=&#8220;off&#8220; button_letter_spacing=&#8220;0&#8243; button_icon_placement=&#8220;right&#8220; button_letter_spacing_hover=&#8220;0&#8243; auto=&#8220;off&#8220; auto_ignore_hover=&#8220;off&#8220; hide_content_on_mobile=&#8220;off&#8220; hide_cta_on_mobile=&#8220;off&#8220; show_image_video_mobile=&#8220;off&#8220; header_font_size=&#8220;40&#8243; show_inner_shadow=&#8220;off&#8220; show_content_on_mobile=&#8220;on&#8220; show_cta_on_mobile=&#8220;on&#8220; custom_padding=&#8220;|||&#8220; custom_padding_tablet=&#8220;|||&#8220; custom_padding_phone=&#8220;|||&#8220;]<\/p>\n<p>[et_pb_slide background_image=&#8220;https:\/\/helenedubuis.ch\/wp-content\/uploads\/2017\/09\/HeleneDubuis06.jpg&#8220; background_position=&#8220;center&#8220; background_size=&#8220;cover&#8220; background_color=&#8220;#000000&#8243; use_bg_overlay=&#8220;off&#8220; bg_overlay_color=&#8220;rgba(0,0,0,0.5)&#8220; use_text_overlay=&#8220;off&#8220; _builder_version=&#8220;3.0.47&#8243; header_font=&#8220;||||&#8220; header_font_size=&#8220;85&#8243; header_font_size_tablet=&#8220;80px&#8220; header_font_size_phone=&#8220;50px&#8220; header_font_size_last_edited=&#8220;on|phone&#8220; body_font=&#8220;||||&#8220; body_font_size_last_edited=&#8220;on|desktop&#8220; body_line_height=&#8220;1.5em&#8220; custom_button=&#8220;on&#8220; button_text_color=&#8220;#ffffff&#8220; button_border_color=&#8220;#ffffff&#8220; button_font=&#8220;||||&#8220; button_use_icon=&#8220;off&#8220; button_text_color_hover=&#8220;#666666&#8243; button_bg_color_hover=&#8220;#ffffff&#8220; button_text_size_tablet=&#8220;16&#8243; button_text_size_phone=&#8220;16&#8243; use_background_color_gradient=&#8220;off&#8220; background_color_gradient_start=&#8220;#2b87da&#8220; background_color_gradient_end=&#8220;#29c4a9&#8243; background_color_gradient_type=&#8220;linear&#8220; background_color_gradient_direction=&#8220;180deg&#8220; background_color_gradient_direction_radial=&#8220;center&#8220; background_color_gradient_start_position=&#8220;0%&#8220; background_color_gradient_end_position=&#8220;100%&#8220; parallax=&#8220;on&#8220; parallax_method=&#8220;on&#8220; background_repeat=&#8220;no-repeat&#8220; background_blend=&#8220;normal&#8220; allow_player_pause=&#8220;off&#8220; text_border_radius=&#8220;3&#8243; alignment=&#8220;center&#8220; background_layout=&#8220;dark&#8220; header_font_select=&#8220;default&#8220; body_font_select=&#8220;default&#8220; body_line_height_tablet=&#8220;1.5em&#8220; body_line_height_phone=&#8220;1.5em&#8220; button_font_select=&#8220;default&#8220; button_icon_placement=&#8220;right&#8220; button_on_hover=&#8220;on&#8220; heading=&#8220;REFERENZEN&#8220; header_letter_spacing=&#8220;15px&#8220; header_letter_spacing_tablet=&#8220;10px&#8220; header_letter_spacing_phone=&#8220;10px&#8220; \/]<\/p>\n<p>[\/et_pb_fullwidth_slider][\/et_pb_section][et_pb_section bb_built=&#8220;1&#8243; admin_label=&#8220;presentation&#8220; custom_padding=&#8220;0px|0px|0px|0px&#8220; module_id=&#8220;prestations&#8220; custom_padding_last_edited=&#8220;on|desktop&#8220; _builder_version=&#8220;3.0.69&#8243;][et_pb_row custom_padding=&#8220;50px|180px|100px|180px&#8220; custom_padding_tablet=&#8220;100px|100px|100px|100px&#8220; custom_padding_phone=&#8220;0px|20px|0px|20px&#8220; custom_padding_last_edited=&#8220;on|desktop&#8220; _builder_version=&#8220;3.0.69&#8243; background_size=&#8220;initial&#8220; background_position=&#8220;top_left&#8220; background_repeat=&#8220;repeat&#8220; background_position_1=&#8220;top_left&#8220; background_repeat_1=&#8220;no-repeat&#8220;][et_pb_column type=&#8220;4_4&#8243;][et_pb_text text_orientation=&#8220;center&#8220; _builder_version=&#8220;3.0.77&#8243; background_size=&#8220;initial&#8220; background_position=&#8220;top_left&#8220; background_repeat=&#8220;repeat&#8220; custom_margin=&#8220;50px|||&#8220; background_layout=&#8220;light&#8220; border_style=&#8220;solid&#8220; text_font_size=&#8220;16&#8243; custom_padding=&#8220;0px|||&#8220; module_alignment=&#8220;center&#8220;]<\/p>\n<p><a href=\"https:\/\/musee-gruerien.ch\" target=\"_blank\" rel=\"noopener\">Mus\u00e9e Gru\u00e9rien, Bulle (FR)<\/a><\/p>\n<p><a href=\"https:\/\/www.fondation-baur.ch\" target=\"_blank\" rel=\"noopener\">Fondation Baur (GE)<\/a><\/p>\n<p><a href=\"http:\/\/www.ville-geneve.ch\/mah\" target=\"_blank\" rel=\"noopener\">Mus\u00e9es d\u2019art et d\u2019histoire de Gen\u00e8ve (GE)<\/a><\/p>\n<p><a href=\"http:\/\/www.ville-ge.ch\/meg\/\" target=\"_blank\" rel=\"noopener\">Mus\u00e9e d\u2019ethnographie de Gen\u00e8ve (GE)<\/a><\/p>\n<p><a href=\"https:\/\/www.fg-art.org\" target=\"_blank\" rel=\"noopener\">Fondation Gandur pour l\u2019Art (GE)<\/a><\/p>\n<p><a href=\"http:\/\/www.cologny.ch\" target=\"_blank\" rel=\"noopener\">Mairie de Cologny (GE)<\/a><\/p>\n<p><a href=\"http:\/\/www.chaux-de-fonds.ch\/musees\/mh\" target=\"_blank\" rel=\"noopener\">Mus\u00e9e d\u2019histoire de La Chaux-de-Fonds (NE)<\/a><\/p>\n<p><a href=\"https:\/\/sommerhaus-devigier.ch\/stiftung\/bill-de-vigier-stiftung\/\" target=\"_blank\" rel=\"noopener\">Bill de Vigier Stiftung (SO)<\/a>,\u00a0unter der Leitung von Nadine Kilchhofer<\/p>\n<p><a href=\"https:\/\/www.vd.ch\/...les...\/direction-generale-des-immeubles-et-du-patrimoine-dgip\" target=\"_blank\" rel=\"noopener\">Etat de Vaud &#8211; Service Immeuble, Patrimoine et Logistique (VD)<\/a><\/p>\n<p><a href=\"https:\/\/www.museeduleman.ch\/\" target=\"_blank\" rel=\"noopener\">Mus\u00e9e du L\u00e9man, Nyon (VD)<\/a><\/p>\n<p><a href=\"https:\/\/www.lausanne.ch\" target=\"_blank\" rel=\"noopener\">Mus\u00e9e Historique Lausanne (VD)<\/a><\/p>\n<p><a href=\"https:\/\/olympics.com\/musee\" target=\"_blank\" rel=\"noopener\">Mus\u00e9e Olympique, Lausanne (VD)<\/a><\/p>\n<p><a href=\"https:\/\/helenedubuis.ch\/wp-admin\/post.php?post=29033&amp;action=edit\" target=\"_blank\" rel=\"noopener\">Burgerschaft Visp (VS)<\/a><\/p>\n<p><a href=\"https:\/\/www.museen-wallis.ch\" target=\"_blank\" rel=\"noopener\">Geschichtsmuseum Wallis (VS)<\/a><\/p>\n<p><a href=\"https:\/\/www.musees-valais.ch\" target=\"_blank\" rel=\"noopener\">Mus\u00e9e d&#8217;Art du Valais (VS)<\/a><\/p>\n<p><a href=\"https:\/\/www.pfarreien-region-leuk.ch\" target=\"_blank\" rel=\"noopener\">Pfarrei St. Stephan, Leuk-Stadt (VS)<\/a><\/p>\n<p><a href=\"https:\/\/www.sembrancher.ch\" target=\"_blank\" rel=\"noopener\">Commune de Sembrancher (VS)<\/a><\/p>\n<p><a href=\"http:\/\/www.bagnes.ch\/fr\/Officiel\/Administration-et-services\/Culture\" target=\"_blank\" rel=\"noopener\">Commune de Bagnes, service culturel (VS)<\/a><\/p>\n<p><a href=\"https:\/\/www.spiritus.ch\/de\/kollegium\/kollegiumskirche\" target=\"_blank\" rel=\"noopener\">Kollegiumskirche Brig (VS)<\/a><\/p>\n<p>Direction g\u00e9n\u00e9rale des antiquit\u00e9s du Liban<\/p>\n<p>Private Auftraggeber<\/p>\n<p>&nbsp;<\/p>\n<p>[\/et_pb_text][\/et_pb_column][\/et_pb_row][\/et_pb_section]<\/p>","protected":false},"excerpt":{"rendered":"<p>[et_pb_section bb_built=&#8220;1&#8243; custom_padding=&#8220;0px|0px|0px|0px&#8220; fullwidth=&#8220;on&#8220; _builder_version=&#8220;3.0.69&#8243;][et_pb_fullwidth_slider remove_inner_shadow=&#8220;on&#8220; _builder_version=&#8220;3.0.69&#8243; show_arrows=&#8220;on&#8220; show_pagination=&#8220;on&#8220; parallax=&#8220;off&#8220; parallax_method=&#8220;off&#8220; custom_button=&#8220;off&#8220; button_letter_spacing=&#8220;0&#8243; button_icon_placement=&#8220;right&#8220; button_letter_spacing_hover=&#8220;0&#8243; auto=&#8220;off&#8220; auto_ignore_hover=&#8220;off&#8220; hide_content_on_mobile=&#8220;off&#8220; hide_cta_on_mobile=&#8220;off&#8220; show_image_video_mobile=&#8220;off&#8220; header_font_size=&#8220;40&#8243; show_inner_shadow=&#8220;off&#8220; show_content_on_mobile=&#8220;on&#8220; show_cta_on_mobile=&#8220;on&#8220; custom_padding=&#8220;|||&#8220; custom_padding_tablet=&#8220;|||&#8220; custom_padding_phone=&#8220;|||&#8220;] [et_pb_slide background_image=&#8220;https:\/\/helenedubuis.ch\/wp-content\/uploads\/2017\/09\/HeleneDubuis06.jpg&#8220; background_position=&#8220;center&#8220; background_size=&#8220;cover&#8220; background_color=&#8220;#000000&#8243; use_bg_overlay=&#8220;off&#8220; bg_overlay_color=&#8220;rgba(0,0,0,0.5)&#8220; use_text_overlay=&#8220;off&#8220; _builder_version=&#8220;3.0.47&#8243; header_font=&#8220;||||&#8220; header_font_size=&#8220;85&#8243; header_font_size_tablet=&#8220;80px&#8220; header_font_size_phone=&#8220;50px&#8220; header_font_size_last_edited=&#8220;on|phone&#8220; body_font=&#8220;||||&#8220; body_font_size_last_edited=&#8220;on|desktop&#8220; body_line_height=&#8220;1.5em&#8220; custom_button=&#8220;on&#8220; button_text_color=&#8220;#ffffff&#8220; button_border_color=&#8220;#ffffff&#8220; button_font=&#8220;||||&#8220; button_use_icon=&#8220;off&#8220; button_text_color_hover=&#8220;#666666&#8243; button_bg_color_hover=&#8220;#ffffff&#8220; button_text_size_tablet=&#8220;16&#8243; button_text_size_phone=&#8220;16&#8243; use_background_color_gradient=&#8220;off&#8220; background_color_gradient_start=&#8220;#2b87da&#8220; [&hellip;]<\/p>\n","protected":false},"author":1,"featured_media":0,"parent":0,"menu_order":0,"comment_status":"closed","ping_status":"closed","template":"","meta":{"footnotes":""},"class_list":["post-29033","page","type-page","status-publish","hentry"],"_links":{"self":[{"href":"https:\/\/helenedubuis.ch\/de\/wp-json\/wp\/v2\/pages\/29033","targetHints":{"allow":["GET"]}}],"collection":[{"href":"https:\/\/helenedubuis.ch\/de\/wp-json\/wp\/v2\/pages"}],"about":[{"href":"https:\/\/helenedubuis.ch\/de\/wp-json\/wp\/v2\/types\/page"}],"author":[{"embeddable":true,"href":"https:\/\/helenedubuis.ch\/de\/wp-json\/wp\/v2\/users\/1"}],"replies":[{"embeddable":true,"href":"https:\/\/helenedubuis.ch\/de\/wp-json\/wp\/v2\/comments?post=29033"}],"version-history":[{"count":23,"href":"https:\/\/helenedubuis.ch\/de\/wp-json\/wp\/v2\/pages\/29033\/revisions"}],"predecessor-version":[{"id":29257,"href":"https:\/\/helenedubuis.ch\/de\/wp-json\/wp\/v2\/pages\/29033\/revisions\/29257"}],"wp:attachment":[{"href":"https:\/\/helenedubuis.ch\/de\/wp-json\/wp\/v2\/media?parent=29033"}],"curies":[{"name":"wp","href":"https:\/\/api.w.org\/{rel}","templated":true}]}}