{"id":28640,"date":"2017-02-16T09:16:27","date_gmt":"2017-02-16T08:16:27","guid":{"rendered":"http:\/\/mxajfmgl.preview.infomaniak.website\/?page_id=38"},"modified":"2019-03-08T12:07:05","modified_gmt":"2019-03-08T11:07:05","slug":"services","status":"publish","type":"page","link":"https:\/\/helenedubuis.ch\/en\/","title":{"rendered":"HOME"},"content":{"rendered":"<p>[et_pb_section bb_built=&#8221;1&#8243; custom_padding=&#8221;0px|0px|0px|0px&#8221; fullwidth=&#8221;on&#8221; _builder_version=&#8221;3.0.69&#8243;][et_pb_fullwidth_slider remove_inner_shadow=&#8221;on&#8221; _builder_version=&#8221;3.0.69&#8243; show_arrows=&#8221;on&#8221; show_pagination=&#8221;on&#8221; parallax=&#8221;off&#8221; parallax_method=&#8221;off&#8221; custom_button=&#8221;off&#8221; button_letter_spacing=&#8221;0&#8243; button_icon_placement=&#8221;right&#8221; button_letter_spacing_hover=&#8221;0&#8243; auto=&#8221;off&#8221; auto_ignore_hover=&#8221;off&#8221; hide_content_on_mobile=&#8221;off&#8221; hide_cta_on_mobile=&#8221;off&#8221; show_image_video_mobile=&#8221;off&#8221; body_line_height=&#8221;1em&#8221; top_padding=&#8221;130px&#8221; bottom_padding=&#8221;130px&#8221;]<\/p>\n<p>[et_pb_slide background_image=&#8221;https:\/\/helenedubuis.ch\/wp-content\/uploads\/2017\/02\/H\u00e9l\u00e8neDubuis-01.jpg&#8221; background_position=&#8221;center&#8221; background_size=&#8221;cover&#8221; background_color=&#8221;#000000&#8243; use_bg_overlay=&#8221;on&#8221; bg_overlay_color=&#8221;rgba(0,0,0,0.5)&#8221; use_text_overlay=&#8221;off&#8221; _builder_version=&#8221;3.0.47&#8243; header_font=&#8221;||||&#8221; header_font_size=&#8221;85&#8243; header_font_size_tablet=&#8221;80px&#8221; header_font_size_phone=&#8221;50px&#8221; header_font_size_last_edited=&#8221;on|desktop&#8221; body_font=&#8221;||||&#8221; body_font_size_last_edited=&#8221;on|desktop&#8221; body_line_height=&#8221;1.5em&#8221; custom_button=&#8221;on&#8221; button_text_color=&#8221;#ffffff&#8221; button_border_color=&#8221;#ffffff&#8221; button_font=&#8221;||||&#8221; button_use_icon=&#8221;off&#8221; button_text_color_hover=&#8221;#666666&#8243; button_bg_color_hover=&#8221;#ffffff&#8221; button_text_size_tablet=&#8221;16&#8243; button_text_size_phone=&#8221;16&#8243; use_background_color_gradient=&#8221;off&#8221; background_color_gradient_start=&#8221;#2b87da&#8221; background_color_gradient_end=&#8221;#29c4a9&#8243; background_color_gradient_type=&#8221;linear&#8221; background_color_gradient_direction=&#8221;180deg&#8221; background_color_gradient_direction_radial=&#8221;center&#8221; background_color_gradient_start_position=&#8221;0%&#8221; background_color_gradient_end_position=&#8221;100%&#8221; parallax=&#8221;off&#8221; parallax_method=&#8221;off&#8221; background_repeat=&#8221;no-repeat&#8221; background_blend=&#8221;normal&#8221; allow_player_pause=&#8221;off&#8221; text_border_radius=&#8221;3&#8243; alignment=&#8221;center&#8221; background_layout=&#8221;dark&#8221; header_font_select=&#8221;default&#8221; body_font_select=&#8221;default&#8221; body_line_height_tablet=&#8221;1.5em&#8221; body_line_height_phone=&#8221;1.5em&#8221; button_font_select=&#8221;default&#8221; button_icon_placement=&#8221;right&#8221; button_on_hover=&#8221;on&#8221;]<img loading=\"lazy\" decoding=\"async\" class=\" wp-image-28963 aligncenter\" src=\"https:\/\/helenedubuis.ch\/wp-content\/uploads\/2017\/02\/HD_logo_blanc-300x222.png\" alt=\"\" width=\"389\" height=\"288\" srcset=\"https:\/\/helenedubuis.ch\/wp-content\/uploads\/2017\/02\/HD_logo_blanc-300x222.png 300w, https:\/\/helenedubuis.ch\/wp-content\/uploads\/2017\/02\/HD_logo_blanc-768x569.png 768w, https:\/\/helenedubuis.ch\/wp-content\/uploads\/2017\/02\/HD_logo_blanc.png 995w\" sizes=\"auto, (max-width: 389px) 100vw, 389px\" \/>[\/et_pb_slide]<\/p>\n<p>[\/et_pb_fullwidth_slider][\/et_pb_section][et_pb_section bb_built=&#8221;1&#8243; admin_label=&#8221;presentation&#8221; custom_padding=&#8221;0px|0px|0px|0px&#8221; module_id=&#8221;presentation&#8221; custom_padding_last_edited=&#8221;on|desktop&#8221; _builder_version=&#8221;3.0.69&#8243;][et_pb_row custom_padding=&#8221;50px|180px|100px|180px&#8221; custom_padding_tablet=&#8221;100px|100px|100px|100px&#8221; custom_padding_phone=&#8221;0px|20px|0px|20px&#8221; custom_padding_last_edited=&#8221;on|desktop&#8221; _builder_version=&#8221;3.0.69&#8243; background_size=&#8221;initial&#8221; background_position=&#8221;top_left&#8221; background_repeat=&#8221;repeat&#8221; background_position_1=&#8221;top_left&#8221; background_repeat_1=&#8221;no-repeat&#8221;][et_pb_column type=&#8221;4_4&#8243;][et_pb_text text_orientation=&#8221;center&#8221; _builder_version=&#8221;3.0.69&#8243; background_size=&#8221;initial&#8221; background_position=&#8221;top_left&#8221; background_repeat=&#8221;repeat&#8221; custom_margin=&#8221;50px|||&#8221; background_layout=&#8221;light&#8221; border_style=&#8221;solid&#8221; text_font_size=&#8221;16&#8243; custom_padding=&#8221;0px|||&#8221; header_letter_spacing=&#8221;10px&#8221;]<\/p>\n<h1 style=\"text-align: center;\">PRESENTATION<\/h1>\n<p>&nbsp;<\/p>\n<p style=\"text-align: center;\">Conservatrice-restauratrice textile ind\u00e9pendante, je travaille depuis 2014 pour le compte d\u2019institutions ou de priv\u00e9s.<\/p>\n<p style=\"text-align: center;\">La <strong>conservation<\/strong> pr\u00e9ventive aide \u00e0 la pr\u00e9servation du patrimoine textile sans intervention directe mais en enrayant les causes ext\u00e9rieures pouvant l\u2019alt\u00e9rer.<\/p>\n<p style=\"text-align: center;\">La <strong>restauration<\/strong> est une intervention directe sur l\u2019\u0153uvre qui vise \u00e0 stabiliser son \u00e9tat, tout en respectant son int\u00e9grit\u00e9 et en laissant visibles les traces qui font son histoire. Elle englobe une \u00e9tude technique et mat\u00e9rielle ainsi qu\u2019une documentation pr\u00e9cise des \u00e9tapes du traitement.<\/p>\n<p>[\/et_pb_text][\/et_pb_column][\/et_pb_row][\/et_pb_section][et_pb_section bb_built=&#8221;1&#8243; admin_label=&#8221;prestations&#8221; custom_padding=&#8221;0px|0px|0px|0px&#8221; _builder_version=&#8221;3.0.69&#8243; background_color=&#8221;rgba(232,213,194,0.08)&#8221; module_id=&#8221;prestations&#8221;][et_pb_row admin_label=&#8221;row&#8221; make_fullwidth=&#8221;on&#8221; use_custom_gutter=&#8221;on&#8221; gutter_width=&#8221;1&#8243; custom_padding=&#8221;0px|0px|0px|0px&#8221; _builder_version=&#8221;3.0.69&#8243; background_size=&#8221;initial&#8221; background_position=&#8221;top_left&#8221; background_repeat=&#8221;repeat&#8221;][et_pb_column type=&#8221;1_2&#8243;][et_pb_image src=&#8221;https:\/\/helenedubuis.ch\/wp-content\/uploads\/2017\/02\/HeleneDubuis04.jpg&#8221; force_fullwidth=&#8221;off&#8221; _builder_version=&#8221;3.0.69&#8243; show_in_lightbox=&#8221;off&#8221; url_new_window=&#8221;off&#8221; use_overlay=&#8221;off&#8221; sticky=&#8221;on&#8221; align=&#8221;right&#8221; always_center_on_mobile=&#8221;on&#8221; border_style=&#8221;solid&#8221; \/][\/et_pb_column][et_pb_column type=&#8221;1_2&#8243;][et_pb_text _builder_version=&#8221;3.0.69&#8243; background_size=&#8221;initial&#8221; background_position=&#8221;top_left&#8221; background_repeat=&#8221;repeat&#8221; custom_margin=&#8221;|||&#8221; custom_padding=&#8221;100px|200px|60px|120px&#8221; custom_padding_tablet=&#8221;30px|60px|20px|60px&#8221; custom_padding_phone=&#8221;20px|50px|30px|50px&#8221; custom_padding_last_edited=&#8221;on|desktop&#8221; background_layout=&#8221;light&#8221; text_orientation=&#8221;left&#8221; border_style=&#8221;solid&#8221; text_font_size=&#8221;15&#8243; header_line_height=&#8221;1.7em&#8221; header_letter_spacing=&#8221;10px&#8221;]<\/p>\n<h1>PRESTATIONS<\/h1>\n<p>Mon offre s\u2019\u00e9tend \u00e0 des textiles\u00a0de provenances et \u00e9poques diverses et de tous types\u00a0: costumes, drapeaux, trouvailles arch\u00e9ologiques, tissus ethnographiques, agencement int\u00e9rieur (tapisseries, tentures), accessoires.<\/p>\n<p>[\/et_pb_text][\/et_pb_column][\/et_pb_row][et_pb_row admin_label=&#8221;row&#8221; make_fullwidth=&#8221;on&#8221; use_custom_gutter=&#8221;on&#8221; gutter_width=&#8221;1&#8243; custom_padding=&#8221;0px|0px|0px|0px&#8221; _builder_version=&#8221;3.0.69&#8243; background_size=&#8221;initial&#8221; background_position=&#8221;top_left&#8221; background_repeat=&#8221;repeat&#8221;][et_pb_column type=&#8221;1_2&#8243;][et_pb_text _builder_version=&#8221;3.0.69&#8243; background_size=&#8221;initial&#8221; background_position=&#8221;top_left&#8221; background_repeat=&#8221;repeat&#8221; custom_padding=&#8221;120px|100px|60px|120px&#8221; custom_padding_tablet=&#8221;0px|50px|20px|50px&#8221; custom_padding_phone=&#8221;20px|30px|20px|30px&#8221; custom_padding_last_edited=&#8221;on|desktop&#8221; background_layout=&#8221;light&#8221; text_orientation=&#8221;left&#8221; border_style=&#8221;solid&#8221; text_font_size=&#8221;15&#8243; header_line_height=&#8221;1.7em&#8221;]<\/p>\n<p style=\"text-align: right;\">Elle comprend les prestations suivantes\u00a0:<\/p>\n<p style=\"text-align: right;\">Etudes et analyses techniques et mat\u00e9rielles<br \/>\nConstat d\u2018\u00e9tat<br \/>\nElaboration de propositions de restauration en ad\u00e9quation avec les besoins de l\u2019objet et les attentes du mandant<br \/>\nR\u00e9alisation des traitements de restauration<br \/>\nDocumentation\u00a0\u00e9crite et photographique de la restauration<br \/>\nElaboration de montages d\u2018exposition et installation des \u0153uvres<br \/>\nConditionnement et mise en r\u00e9serve<br \/>\nConseils, suivi et maintenance des collections<\/p>\n<p>[\/et_pb_text][\/et_pb_column][et_pb_column type=&#8221;1_2&#8243;][et_pb_image src=&#8221;https:\/\/helenedubuis.ch\/wp-content\/uploads\/2017\/02\/HeleneDubuis02.jpg&#8221; animation=&#8221;right&#8221; align=&#8221;center&#8221; force_fullwidth=&#8221;on&#8221; _builder_version=&#8221;3.0.69&#8243; show_in_lightbox=&#8221;off&#8221; url_new_window=&#8221;off&#8221; use_overlay=&#8221;off&#8221; sticky=&#8221;off&#8221; always_center_on_mobile=&#8221;on&#8221; border_style=&#8221;solid&#8221; \/][\/et_pb_column][\/et_pb_row][et_pb_row admin_label=&#8221;row&#8221; make_fullwidth=&#8221;on&#8221; use_custom_gutter=&#8221;on&#8221; gutter_width=&#8221;1&#8243; custom_padding=&#8221;0px|0px|0px|0px&#8221; custom_margin=&#8221;|||&#8221; padding_top_1=&#8221;0px &#8221; padding_right_1=&#8221; &#8221; padding_bottom_1=&#8221; 0px &#8221; padding_top_2=&#8221; &#8221; padding_right_2=&#8221; &#8221; padding_bottom_2=&#8221; &#8221; padding_2_last_edited=&#8221;on|desktop&#8221; _builder_version=&#8221;3.0.47&#8243; background_size=&#8221;initial&#8221; background_position=&#8221;top_left&#8221; background_repeat=&#8221;repeat&#8221;][et_pb_column type=&#8221;1_2&#8243;][et_pb_image src=&#8221;https:\/\/helenedubuis.ch\/wp-content\/uploads\/2017\/02\/HeleneDubuis12.jpg&#8221; force_fullwidth=&#8221;on&#8221; _builder_version=&#8221;3.0.69&#8243; show_in_lightbox=&#8221;off&#8221; url_new_window=&#8221;off&#8221; use_overlay=&#8221;off&#8221; sticky=&#8221;off&#8221; align=&#8221;left&#8221; always_center_on_mobile=&#8221;on&#8221; border_style=&#8221;solid&#8221; \/][\/et_pb_column][et_pb_column type=&#8221;1_2&#8243;][et_pb_text _builder_version=&#8221;3.0.69&#8243; background_size=&#8221;initial&#8221; background_position=&#8221;top_left&#8221; background_repeat=&#8221;repeat&#8221; custom_margin=&#8221;|||&#8221; custom_padding=&#8221;100px|200px|60px|120px&#8221; custom_padding_tablet=&#8221;50px|50px|20px|50px&#8221; custom_padding_phone=&#8221;20px|30px|20px|30px&#8221; custom_padding_last_edited=&#8221;on|desktop&#8221; background_layout=&#8221;light&#8221; text_orientation=&#8221;left&#8221; border_style=&#8221;solid&#8221; text_font_size=&#8221;15&#8243;]<\/p>\n<p>Membre de l\u2019association suisse de conservation et restauration (SCR), mon travail est effectu\u00e9 en respectant la d\u00e9ontologie de la profession.<\/p>\n<p>Selon les besoins, je collabore avec des coll\u00e8gues de la m\u00eame sp\u00e9cialisation ou d\u2019autres domaines de restauration.<\/p>\n<p>Les devis peuvent \u00eatre effectu\u00e9s en fran\u00e7ais, allemand ou anglais.<\/p>\n<p>[\/et_pb_text][\/et_pb_column][\/et_pb_row][\/et_pb_section]<\/p>","protected":false},"excerpt":{"rendered":"<p>[et_pb_section bb_built=&#8221;1&#8243; custom_padding=&#8221;0px|0px|0px|0px&#8221; fullwidth=&#8221;on&#8221; _builder_version=&#8221;3.0.69&#8243;][et_pb_fullwidth_slider remove_inner_shadow=&#8221;on&#8221; _builder_version=&#8221;3.0.69&#8243; show_arrows=&#8221;on&#8221; show_pagination=&#8221;on&#8221; parallax=&#8221;off&#8221; parallax_method=&#8221;off&#8221; custom_button=&#8221;off&#8221; button_letter_spacing=&#8221;0&#8243; button_icon_placement=&#8221;right&#8221; button_letter_spacing_hover=&#8221;0&#8243; auto=&#8221;off&#8221; auto_ignore_hover=&#8221;off&#8221; hide_content_on_mobile=&#8221;off&#8221; hide_cta_on_mobile=&#8221;off&#8221; show_image_video_mobile=&#8221;off&#8221; body_line_height=&#8221;1em&#8221; top_padding=&#8221;130px&#8221; bottom_padding=&#8221;130px&#8221;] [et_pb_slide background_image=&#8221;https:\/\/helenedubuis.ch\/wp-content\/uploads\/2017\/02\/H\u00e9l\u00e8neDubuis-01.jpg&#8221; background_position=&#8221;center&#8221; background_size=&#8221;cover&#8221; background_color=&#8221;#000000&#8243; use_bg_overlay=&#8221;on&#8221; bg_overlay_color=&#8221;rgba(0,0,0,0.5)&#8221; use_text_overlay=&#8221;off&#8221; _builder_version=&#8221;3.0.47&#8243; header_font=&#8221;||||&#8221; header_font_size=&#8221;85&#8243; header_font_size_tablet=&#8221;80px&#8221; header_font_size_phone=&#8221;50px&#8221; header_font_size_last_edited=&#8221;on|desktop&#8221; body_font=&#8221;||||&#8221; body_font_size_last_edited=&#8221;on|desktop&#8221; body_line_height=&#8221;1.5em&#8221; custom_button=&#8221;on&#8221; button_text_color=&#8221;#ffffff&#8221; button_border_color=&#8221;#ffffff&#8221; button_font=&#8221;||||&#8221; button_use_icon=&#8221;off&#8221; button_text_color_hover=&#8221;#666666&#8243; button_bg_color_hover=&#8221;#ffffff&#8221; button_text_size_tablet=&#8221;16&#8243; button_text_size_phone=&#8221;16&#8243; use_background_color_gradient=&#8221;off&#8221; background_color_gradient_start=&#8221;#2b87da&#8221; background_color_gradient_end=&#8221;#29c4a9&#8243; background_color_gradient_type=&#8221;linear&#8221; background_color_gradient_direction=&#8221;180deg&#8221; background_color_gradient_direction_radial=&#8221;center&#8221; [&hellip;]<\/p>\n","protected":false},"author":1,"featured_media":0,"parent":0,"menu_order":0,"comment_status":"closed","ping_status":"closed","template":"","meta":{"footnotes":""},"class_list":["post-28640","page","type-page","status-publish","hentry"],"_links":{"self":[{"href":"https:\/\/helenedubuis.ch\/en\/wp-json\/wp\/v2\/pages\/28640","targetHints":{"allow":["GET"]}}],"collection":[{"href":"https:\/\/helenedubuis.ch\/en\/wp-json\/wp\/v2\/pages"}],"about":[{"href":"https:\/\/helenedubuis.ch\/en\/wp-json\/wp\/v2\/types\/page"}],"author":[{"embeddable":true,"href":"https:\/\/helenedubuis.ch\/en\/wp-json\/wp\/v2\/users\/1"}],"replies":[{"embeddable":true,"href":"https:\/\/helenedubuis.ch\/en\/wp-json\/wp\/v2\/comments?post=28640"}],"version-history":[{"count":107,"href":"https:\/\/helenedubuis.ch\/en\/wp-json\/wp\/v2\/pages\/28640\/revisions"}],"predecessor-version":[{"id":29235,"href":"https:\/\/helenedubuis.ch\/en\/wp-json\/wp\/v2\/pages\/28640\/revisions\/29235"}],"wp:attachment":[{"href":"https:\/\/helenedubuis.ch\/en\/wp-json\/wp\/v2\/media?parent=28640"}],"curies":[{"name":"wp","href":"https:\/\/api.w.org\/{rel}","templated":true}]}}