{"id":29023,"date":"2017-09-15T17:06:31","date_gmt":"2017-09-15T15:06:31","guid":{"rendered":"https:\/\/helenedubuis.ch\/?page_id=29023"},"modified":"2022-03-16T18:04:17","modified_gmt":"2022-03-16T17:04:17","slug":"mon-parcours","status":"publish","type":"page","link":"https:\/\/helenedubuis.ch\/en\/mon-parcours\/","title":{"rendered":"MON PARCOURS"},"content":{"rendered":"<p>[et_pb_section bb_built=&#8221;1&#8243; custom_padding=&#8221;0px|0px|0px|0px&#8221; fullwidth=&#8221;on&#8221; _builder_version=&#8221;3.0.69&#8243;][et_pb_fullwidth_slider remove_inner_shadow=&#8221;on&#8221; _builder_version=&#8221;3.0.69&#8243; show_arrows=&#8221;on&#8221; show_pagination=&#8221;on&#8221; parallax=&#8221;off&#8221; parallax_method=&#8221;off&#8221; custom_button=&#8221;off&#8221; button_letter_spacing=&#8221;0&#8243; button_icon_placement=&#8221;right&#8221; button_letter_spacing_hover=&#8221;0&#8243; auto=&#8221;off&#8221; auto_ignore_hover=&#8221;off&#8221; hide_content_on_mobile=&#8221;off&#8221; hide_cta_on_mobile=&#8221;off&#8221; show_image_video_mobile=&#8221;off&#8221;] [et_pb_slide background_image=&#8221;https:\/\/helenedubuis.ch\/wp-content\/uploads\/2017\/09\/HeleneDubuis03.jpg&#8221; background_position=&#8221;center&#8221; background_size=&#8221;cover&#8221; background_color=&#8221;#000000&#8243; use_bg_overlay=&#8221;off&#8221; bg_overlay_color=&#8221;rgba(0,0,0,0.5)&#8221; use_text_overlay=&#8221;off&#8221; _builder_version=&#8221;3.0.47&#8243; header_font=&#8221;||||&#8221; header_font_size=&#8221;85&#8243; header_font_size_tablet=&#8221;80px&#8221; header_font_size_phone=&#8221;50px&#8221; header_font_size_last_edited=&#8221;on|phone&#8221; body_font=&#8221;||||&#8221; body_font_size_last_edited=&#8221;on|tablet&#8221; body_line_height=&#8221;1.5em&#8221; custom_button=&#8221;on&#8221; button_text_color=&#8221;#ffffff&#8221; button_border_color=&#8221;#ffffff&#8221; button_font=&#8221;||||&#8221; button_use_icon=&#8221;off&#8221; button_text_color_hover=&#8221;#666666&#8243; button_bg_color_hover=&#8221;#ffffff&#8221; button_text_size_tablet=&#8221;16&#8243; button_text_size_phone=&#8221;16&#8243; use_background_color_gradient=&#8221;off&#8221; background_color_gradient_start=&#8221;#2b87da&#8221; background_color_gradient_end=&#8221;#29c4a9&#8243; background_color_gradient_type=&#8221;linear&#8221; background_color_gradient_direction=&#8221;180deg&#8221; background_color_gradient_direction_radial=&#8221;center&#8221; background_color_gradient_start_position=&#8221;0%&#8221; background_color_gradient_end_position=&#8221;100%&#8221; parallax=&#8221;on&#8221; parallax_method=&#8221;on&#8221; background_repeat=&#8221;no-repeat&#8221; background_blend=&#8221;normal&#8221; allow_player_pause=&#8221;off&#8221; text_border_radius=&#8221;3&#8243; alignment=&#8221;center&#8221; background_layout=&#8221;dark&#8221; header_font_select=&#8221;default&#8221; body_font_select=&#8221;default&#8221; body_line_height_tablet=&#8221;1.5em&#8221; body_line_height_phone=&#8221;1.5em&#8221; button_font_select=&#8221;default&#8221; button_icon_placement=&#8221;right&#8221; button_on_hover=&#8221;on&#8221; heading=&#8221;MON PARCOURS&#8221; admin_title=&#8221;monparcours&#8221; header_letter_spacing=&#8221;15px&#8221; header_letter_spacing_tablet=&#8221;15px&#8221; header_letter_spacing_phone=&#8221;15px&#8221; \/] [\/et_pb_fullwidth_slider][\/et_pb_section][et_pb_section bb_built=&#8221;1&#8243; admin_label=&#8221;presentation&#8221; custom_padding=&#8221;0px|0px|0px|0px&#8221; module_id=&#8221;prestations&#8221; custom_padding_last_edited=&#8221;on|desktop&#8221; _builder_version=&#8221;3.0.69&#8243;][et_pb_row custom_padding=&#8221;50px|120px|100px|120px&#8221; custom_padding_tablet=&#8221;100px|100px|100px|100px&#8221; custom_padding_phone=&#8221;0px|20px|0px|20px&#8221; custom_padding_last_edited=&#8221;on|desktop&#8221; _builder_version=&#8221;3.0.69&#8243; background_size=&#8221;initial&#8221; background_position=&#8221;top_left&#8221; background_repeat=&#8221;repeat&#8221; background_position_1=&#8221;top_left&#8221; background_repeat_1=&#8221;no-repeat&#8221;][et_pb_column type=&#8221;4_4&#8243;][et_pb_text text_orientation=&#8221;center&#8221; _builder_version=&#8221;3.0.69&#8243; background_size=&#8221;initial&#8221; background_position=&#8221;top_left&#8221; background_repeat=&#8221;repeat&#8221; custom_margin=&#8221;50px|||&#8221; background_layout=&#8221;light&#8221; border_style=&#8221;solid&#8221; text_font_size=&#8221;16&#8243; custom_padding=&#8221;0px|||&#8221;]<\/p>\n<p style=\"text-align: center;\"><strong><span style=\"color: #e8ae30;\">2014-2017<\/span><\/strong><\/p>\n<p>Travail de conservatrice-restauratrice textile \u00e0 temps partiel \u00e0 la Fondation Abegg, Riggisberg. Participation \u00e0 divers projets\u00a0dont la restauration de textile d\u2019Asie centrale (VII-IX\u00e8me s.) et la pr\u00e9paration d\u2019expositions vari\u00e9es.<\/p>\n<p>&nbsp;<\/p>\n<p style=\"text-align: center;\"><span style=\"color: #e8ae30;\"><strong>2013-2015<\/strong><\/span><\/p>\n<p>Institut arch\u00e9ologique de la province Qinghai, Xining (Chine) \/ Fondation Abegg, Riggisberg\u00a0: trois missions \u00e0 Xining pour la conservation-restauration et mise en r\u00e9serve de textiles arch\u00e9ologiques Tang (VII\u00e8me-X\u00e8me s.) et Yuan (XIII-XIV\u00e8me s.).<\/p>\n<p>&nbsp;<\/p>\n<p style=\"text-align: center;\"><span style=\"color: #e8ae30;\"><strong>2013<\/strong><\/span><\/p>\n<p>Master en conservation-restauration, sp\u00e9cialisation textile, Haute \u00e9cole sp\u00e9cialis\u00e9e bernoise, Fondation Abegg, Riggisberg<br \/>\nDeux samits de grand format \u00e0 m\u00e9daillon de taille exceptionnelle provenant d\u2019Asie centrale et dat\u00e9s du VII-VIIIe si\u00e8cle &#8211; Etude et probl\u00e9matique du nettoyage (Swiss Conservation-Restoration Campus Master Thesis Award 2013).<\/p>\n<p>&nbsp;<\/p>\n<p style=\"text-align: center;\"><span style=\"color: #e8ae30;\"><strong>2011<\/strong><\/span><\/p>\n<p>Bachelor en conservation, sp\u00e9cialisation textile, Haute \u00e9cole sp\u00e9cialis\u00e9e bernoise, Fondation Abegg, Riggisberg<br \/>\nDer Messacher von Schattdorf: Teil I: Dokumentation und textiltechnologische Untersuchungen &#8211; Teil II: Entwicklung und Anfertigung einer neuen Verpackung.<\/p>\n<p>&nbsp;<\/p>\n<p style=\"text-align: center;\"><span style=\"color: #e8ae30;\"><strong>2007-2008<\/strong><\/span><\/p>\n<p>Stages de restauration textile au Centre des collections du Mus\u00e9e national suisse, Affoltern am Albis, et dans les ateliers de restauration du Badisches Landesmuseum, Karlsruhe (DE).<\/p>\n<p>&nbsp;<\/p>\n<p style=\"text-align: center;\"><span style=\"color: #e8ae30;\"><strong>2006-2007<\/strong><\/span><\/p>\n<p>Stages de couturi\u00e8re dans trois ateliers diff\u00e9rents, Valais<\/p>\n<p>&nbsp;<\/p>\n<p style=\"text-align: center;\"><span style=\"color: #e8ae30;\"><strong>2006-2007<\/strong><\/span><\/p>\n<p>Maturit\u00e9 gymnasiale, Lyc\u00e9e-coll\u00e8ge des Creusets, Sion<\/p>\n<p>[\/et_pb_text][\/et_pb_column][\/et_pb_row][\/et_pb_section]<\/p>","protected":false},"excerpt":{"rendered":"<p>[et_pb_section bb_built=&#8221;1&#8243; custom_padding=&#8221;0px|0px|0px|0px&#8221; fullwidth=&#8221;on&#8221; _builder_version=&#8221;3.0.69&#8243;][et_pb_fullwidth_slider remove_inner_shadow=&#8221;on&#8221; _builder_version=&#8221;3.0.69&#8243; show_arrows=&#8221;on&#8221; show_pagination=&#8221;on&#8221; parallax=&#8221;off&#8221; parallax_method=&#8221;off&#8221; custom_button=&#8221;off&#8221; button_letter_spacing=&#8221;0&#8243; button_icon_placement=&#8221;right&#8221; button_letter_spacing_hover=&#8221;0&#8243; auto=&#8221;off&#8221; auto_ignore_hover=&#8221;off&#8221; hide_content_on_mobile=&#8221;off&#8221; hide_cta_on_mobile=&#8221;off&#8221; show_image_video_mobile=&#8221;off&#8221;] [et_pb_slide background_image=&#8221;https:\/\/helenedubuis.ch\/wp-content\/uploads\/2017\/09\/HeleneDubuis03.jpg&#8221; background_position=&#8221;center&#8221; background_size=&#8221;cover&#8221; background_color=&#8221;#000000&#8243; use_bg_overlay=&#8221;off&#8221; bg_overlay_color=&#8221;rgba(0,0,0,0.5)&#8221; use_text_overlay=&#8221;off&#8221; _builder_version=&#8221;3.0.47&#8243; header_font=&#8221;||||&#8221; header_font_size=&#8221;85&#8243; header_font_size_tablet=&#8221;80px&#8221; header_font_size_phone=&#8221;50px&#8221; header_font_size_last_edited=&#8221;on|phone&#8221; body_font=&#8221;||||&#8221; body_font_size_last_edited=&#8221;on|tablet&#8221; body_line_height=&#8221;1.5em&#8221; custom_button=&#8221;on&#8221; button_text_color=&#8221;#ffffff&#8221; button_border_color=&#8221;#ffffff&#8221; button_font=&#8221;||||&#8221; button_use_icon=&#8221;off&#8221; button_text_color_hover=&#8221;#666666&#8243; button_bg_color_hover=&#8221;#ffffff&#8221; button_text_size_tablet=&#8221;16&#8243; button_text_size_phone=&#8221;16&#8243; use_background_color_gradient=&#8221;off&#8221; background_color_gradient_start=&#8221;#2b87da&#8221; background_color_gradient_end=&#8221;#29c4a9&#8243; background_color_gradient_type=&#8221;linear&#8221; background_color_gradient_direction=&#8221;180deg&#8221; background_color_gradient_direction_radial=&#8221;center&#8221; background_color_gradient_start_position=&#8221;0%&#8221; background_color_gradient_end_position=&#8221;100%&#8221; parallax=&#8221;on&#8221; [&hellip;]<\/p>\n","protected":false},"author":1,"featured_media":0,"parent":0,"menu_order":0,"comment_status":"closed","ping_status":"closed","template":"","meta":{"footnotes":""},"class_list":["post-29023","page","type-page","status-publish","hentry"],"_links":{"self":[{"href":"https:\/\/helenedubuis.ch\/en\/wp-json\/wp\/v2\/pages\/29023","targetHints":{"allow":["GET"]}}],"collection":[{"href":"https:\/\/helenedubuis.ch\/en\/wp-json\/wp\/v2\/pages"}],"about":[{"href":"https:\/\/helenedubuis.ch\/en\/wp-json\/wp\/v2\/types\/page"}],"author":[{"embeddable":true,"href":"https:\/\/helenedubuis.ch\/en\/wp-json\/wp\/v2\/users\/1"}],"replies":[{"embeddable":true,"href":"https:\/\/helenedubuis.ch\/en\/wp-json\/wp\/v2\/comments?post=29023"}],"version-history":[{"count":21,"href":"https:\/\/helenedubuis.ch\/en\/wp-json\/wp\/v2\/pages\/29023\/revisions"}],"predecessor-version":[{"id":29254,"href":"https:\/\/helenedubuis.ch\/en\/wp-json\/wp\/v2\/pages\/29023\/revisions\/29254"}],"wp:attachment":[{"href":"https:\/\/helenedubuis.ch\/en\/wp-json\/wp\/v2\/media?parent=29023"}],"curies":[{"name":"wp","href":"https:\/\/api.w.org\/{rel}","templated":true}]}}